{"id":167,"date":"2021-09-15T23:06:42","date_gmt":"2021-09-15T21:06:42","guid":{"rendered":"https:\/\/www.le-louis-12.fr\/?page_id=167"},"modified":"2021-11-05T16:59:33","modified_gmt":"2021-11-05T15:59:33","slug":"politique-de-confidentialite","status":"publish","type":"page","link":"https:\/\/www.le-louis-12.fr\/index.php\/politique-de-confidentialite\/","title":{"rendered":"Politique de confidentialit\u00e9"},"content":{"rendered":"\t\t<div data-elementor-type=\"wp-page\" data-elementor-id=\"167\" class=\"elementor elementor-167\" data-elementor-settings=\"[]\">\n\t\t\t\t\t\t\t<div class=\"elementor-section-wrap\">\n\t\t\t\t\t\t\t<section class=\"elementor-section elementor-top-section elementor-element elementor-element-ba0fed7 elementor-section-full_width elementor-section-height-min-height elementor-section-items-bottom elementor-section-content-bottom elementor-section-height-default\" data-id=\"ba0fed7\" data-element_type=\"section\" data-settings=\"{&quot;background_background&quot;:&quot;classic&quot;}\">\n\t\t\t\t\t\t\t<div class=\"elementor-background-overlay\"><\/div>\n\t\t\t\t\t\t\t<div class=\"elementor-container elementor-column-gap-no\">\n\t\t\t\t\t<div class=\"elementor-column elementor-col-100 elementor-top-column elementor-element elementor-element-47dec01\" data-id=\"47dec01\" data-element_type=\"column\">\n\t\t\t<div class=\"elementor-widget-wrap elementor-element-populated\">\n\t\t\t\t\t\t\t\t<div class=\"elementor-element elementor-element-7f703d0 elementor-widget elementor-widget-heading\" data-id=\"7f703d0\" data-element_type=\"widget\" data-widget_type=\"heading.default\">\n\t\t\t\t<div class=\"elementor-widget-container\">\n\t\t\t<h3 class=\"elementor-heading-title elementor-size-default\">Politique de confidentialit\u00e9<\/h3>\t\t<\/div>\n\t\t\t\t<\/div>\n\t\t\t\t<div class=\"elementor-element elementor-element-3a9f46f elementor-widget elementor-widget-spacer\" data-id=\"3a9f46f\" data-element_type=\"widget\" data-widget_type=\"spacer.default\">\n\t\t\t\t<div class=\"elementor-widget-container\">\n\t\t\t\t\t<div class=\"elementor-spacer\">\n\t\t\t<div class=\"elementor-spacer-inner\"><\/div>\n\t\t<\/div>\n\t\t\t\t<\/div>\n\t\t\t\t<\/div>\n\t\t\t\t\t<\/div>\n\t\t<\/div>\n\t\t\t\t\t\t\t<\/div>\n\t\t<\/section>\n\t\t\t\t<section class=\"elementor-section elementor-top-section elementor-element elementor-element-437dd42 elementor-section-boxed elementor-section-height-default elementor-section-height-default\" data-id=\"437dd42\" data-element_type=\"section\">\n\t\t\t\t\t\t<div class=\"elementor-container elementor-column-gap-default\">\n\t\t\t\t\t<div class=\"elementor-column elementor-col-100 elementor-top-column elementor-element elementor-element-633ff23\" data-id=\"633ff23\" data-element_type=\"column\">\n\t\t\t<div class=\"elementor-widget-wrap elementor-element-populated\">\n\t\t\t\t\t\t\t\t<div class=\"elementor-element elementor-element-10b9886 elementor-widget elementor-widget-text-editor\" data-id=\"10b9886\" data-element_type=\"widget\" data-widget_type=\"text-editor.default\">\n\t\t\t\t<div class=\"elementor-widget-container\">\n\t\t\t\t\t\t\t<h3>1. QUI EST LE RESPONSABLE DU TRAITEMENT DE VOS DONNEES ?<\/h3><p>\u00a0<\/p><p>Les responsables du traitement des donn\u00e9es sont :<\/p><p>SARL JMCM Capital social de 244000\u20ac<\/p><p>Num\u00e9ro d&rsquo;inscription au registre du commerce et des soci\u00e9t\u00e9s : 40318768500017<\/p><p>2 place plumereau, 37000 TOURS &#8211; Num\u00e9ro de TVA : FR33403187685<\/p><p>\u00a0<\/p><h3>2. QUELLES SONT LES DONNEES QUE NOUS COLLECTONS ?<\/h3><p>\u00a0<\/p><p>Nous collectons vos donn\u00e9es &#8211; personnelles ou non &#8211; pour diff\u00e9rentes raisons qui sont d\u00e9finies au point suivant (\u00a0<em>cf.<\/em>\u00a0point 3). Il s&rsquo;agit des donn\u00e9es suivantes :<\/p><p>&#8211; vos donn\u00e9es d&rsquo;identification (nom, pr\u00e9nom, , adresse e-mail, num\u00e9ro de t\u00e9l\u00e9phone, message, code postal) ;<\/p><p>&#8211; nos communications (par email ou autre);<\/p><p>&#8211; le type de domaine avec lequel l&rsquo;Utilisateur se connecte \u00e0 l&rsquo;Internet ;<\/p><p>&#8211; l&rsquo;adresse IP qui vous est attribu\u00e9e ;<\/p><p>&#8211; la date et l&rsquo;heure de votre acc\u00e8s \u00e0 notre site ;<\/p><p>&#8211; les donn\u00e9es de localisation ou autre donn\u00e9es relatives \u00e0 la communication ;<\/p><p>&#8211; les pages que vous avez consult\u00e9es sur notre site ;<\/p><p>&#8211; le type de navigateur, la plate-forme et\/ou le syst\u00e8me d&rsquo;exploitation que vous utilisez ;<\/p><p>&#8211; le moteur de recherche ainsi que les mots-cl\u00e9s utilis\u00e9s pour retrouver le site ;<\/p><p>&#8211; vos pr\u00e9f\u00e9rences de navigation<\/p><p>&#8211; vos pr\u00e9f\u00e9rences de communication.<\/p><p>\u00a0<\/p><h3>3. DANS QUEL BUT COLLECTONS-NOUS VOS DONNEES ?<\/h3><p>\u00a0<\/p><p>Nous collectons vos donn\u00e9es principalement pour vous contacter via une newsletter, pouvoir traiter vos demandes, am\u00e9liorer notre Service, donner une meilleure visibilit\u00e9 \u00e0 nos clients sur leurs r\u00e9servations et, plus g\u00e9n\u00e9ralement, pour pouvoir communiquer facilement l&rsquo;un avec l&rsquo;autre. Enfin, vos donn\u00e9es nous permettent \u00e9galement d&rsquo;am\u00e9liorer et faciliter votre navigation sur notre site.<\/p><p>\u00a0<\/p><h3>4. DE QUELLES FA\u00c7ONS COLLECTONS-NOUS VOS DONNEES ?<\/h3><p>\u00a0<\/p><p>La plupart de vos donn\u00e9es nous sont communiqu\u00e9es par votre intervention active. C&rsquo;est le cas lorsque vous nous transmettez vos donn\u00e9es d&rsquo;identification pour nous contacter. D&rsquo;autres donn\u00e9es, telles que la date et l&rsquo;heure de votre acc\u00e8s \u00e0 notre site, les pages que vous avez consult\u00e9es ou vos donn\u00e9es de localisation, sont collect\u00e9es automatiquement, par le biais des serveurs consult\u00e9s et des \u00ab cookies \u00bb plac\u00e9s sur notre Site.\u00a0<\/p><p>\u00a0<\/p><h3>5. VOS DONNEES SONT-ELLES PROTEGEES ?<\/h3><p>\u00a0<\/p><p>Nous mettons un point d&rsquo;honneur \u00e0 respecter la vie priv\u00e9e de nos utilisateurs. Nous appliquons une politique de confidentialit\u00e9 stricte et prenons toutes les mesures ad\u00e9quates afin que nos serveurs emp\u00eachent dans toute la mesure du possible toute fuite, destruction, perte, divulgation, usage, acc\u00e8s ou modification non autoris\u00e9e de vos donn\u00e9es.<\/p><p>\u00a0<\/p><h3>6. PENDANT COMBIEN DE TEMPS CONSERVONS-NOUS VOS DONNEES ?<\/h3><p>\u00a0<\/p><p>Nous conservons vos donn\u00e9es le temps n\u00e9cessaire \u00e0 l&rsquo;accomplissement des objectifs poursuivis (\u00a0<em>cf.\u00a0<\/em>point 3). Une fois cet objectif atteint, nous les supprimons.<\/p><p>\u00a0<\/p><h3>7. QUELS SONT VOS DROITS ET COMMENT LES EXERCER ?<\/h3><p>\u00a0<\/p><p>Vous pouvez \u00e0 tout instant demander de v\u00e9rifier, acc\u00e9der, rectifier, supprimer, transf\u00e9rer et de vous opposer \u00e0 l&rsquo;utilisation de vos donn\u00e9es, ainsi que demander la limitation de celles-ci. Pour cela, il vous suffit de nous envoyer un email \u00e0 l&rsquo;adresse suivante :\u00a0 clipper.ducdeguise@gmail.com. Nous mettrons alors tout en \u0153uvre pour faire le n\u00e9cessaire dans les meilleurs d\u00e9lais.<\/p><p>\u00a0<\/p><h3>8. QUI A ACCES A VOS DONNEES ET A QUI SONT-ELLES COMMUNIQUEES ?<\/h3><p>\u00a0<\/p><p>Nos employ\u00e9s, nos partenaires et sous-traitants. Ils n&rsquo;y ont acc\u00e8s que dans la mesure du n\u00e9cessaire \u00e0 l&rsquo;ex\u00e9cution de votre r\u00e9servation et\/ou pour l&rsquo;accomplissement des objectifs poursuivis (<em>cf<\/em>. point 3). Chacun d&rsquo;entre eux est soumis \u00e0 une obligation stricte de confidentialit\u00e9.<\/p><p>\u00a0<\/p><h3>9. TRANSFERONS-NOUS VOS DONNEES A L&rsquo;ETRANGER ?<\/h3><p>\u00a0<\/p><p>Nous ne transf\u00e9rons vos donn\u00e9es vers un pays non membre de l&rsquo;Union europ\u00e9enne qu&rsquo;\u00e0 la condition que ce pays assure un niveau de protection \u00e9quivalent \u00e0 ce que vous pouvez trouver dans votre pays de r\u00e9sidence.<\/p><p>\u00a0<\/p><h3>10. COMMENT RECEVOIR NOS PUBLICITES ?<\/h3><p>\u00a0<\/p><p>Nous n&rsquo;utilisons votre adresse email que pour vous proposer des services similaires \u00e0 celui ou ceux que vous avez d\u00e9j\u00e0 utilis\u00e9s.<\/p><p>Moyennant votre accord, nous vous abonnerons \u00e0 notre newsletter et vous proposerons d&rsquo;autres articles\/services susceptibles de vous int\u00e9resser. Vous pouvez vous d\u00e9sabonner et retirer votre consentement \u00e0 ces communications \u00e0 tout moment en envoyant un email \u00e0 l&rsquo;adresse suivante :\u00a0 clipper.ducdeguise@gmail.com\u00a0ou en cliquant sur le lien actif \u00e0 chaque fin communication adress\u00e9e.<\/p><p>\u00a0<\/p><h3>11. QUELLE EST NOTRE POLITIQUE RELATIVE AUX DONNEES CONCERNANT DES MINEURS?<\/h3><p>\u00a0<\/p><p>Notre site et notre syst\u00e8me de r\u00e9servation ne sont pas adress\u00e9s aux enfants de moins de 18 ans. Si vous apprenez que votre enfant mineur nous a fourni ses donn\u00e9es personnelles sans votre consentement, contactez-nous \u00e0 l&rsquo;adresse suivante : <a href=\"mailto:privacy@zenchef.com\">clipper.ducdeguise@gmail.com.<\/a><\/p><p>\u00a0<\/p><h3>12. QUE SE PASSE-T-IL EN CAS DE MODIFICATION DE LA POLITIQUE DE CONFIDENTIALITE?<\/h3><p>\u00a0<\/p><p>Si nous devions modifier la pr\u00e9sente politique de confidentialit\u00e9, nous vous en avertirons par le biais du moyen le plus appropri\u00e9, notamment par email, par l&rsquo;interm\u00e9diaire de notre site internet ou tout autre moyen de communication.<\/p><p>\u00a0<\/p><h3>13. QUE FAIRE EN CAS DE DIFFEREND ?<\/h3><p>\u00a0<\/p><p>Les longs proc\u00e8s ne profitent \u00e0 personne. En cas de diff\u00e9rend entre nous, nous nous engageons \u00e0 privil\u00e9gier le dialogue et l&rsquo;ouverture \u00e0 la recherche d&rsquo;une solution amiable.<\/p>\t\t\t\t\t\t<\/div>\n\t\t\t\t<\/div>\n\t\t\t\t\t<\/div>\n\t\t<\/div>\n\t\t\t\t\t\t\t<\/div>\n\t\t<\/section>\n\t\t\t\t\t\t<\/div>\n\t\t\t\t\t<\/div>\n\t\t","protected":false},"excerpt":{"rendered":"<p>Politique de confidentialit\u00e9 1. QUI EST LE RESPONSABLE DU TRAITEMENT DE VOS DONNEES ? Les responsables du traitement des donn\u00e9es sont : SARL JMCM Capital social de 244000\u20ac Num\u00e9ro d&rsquo;inscription au registre du commerce et des soci\u00e9t\u00e9s : 40318768500017 2 place plumereau, 37000 TOURS &#8211; Num\u00e9ro de TVA : FR33403187685 2. QUELLES SONT LES DONNEES [&hellip;]<\/p>\n","protected":false},"author":1,"featured_media":0,"parent":0,"menu_order":0,"comment_status":"closed","ping_status":"closed","template":"","meta":[],"_links":{"self":[{"href":"https:\/\/www.le-louis-12.fr\/index.php\/wp-json\/wp\/v2\/pages\/167"}],"collection":[{"href":"https:\/\/www.le-louis-12.fr\/index.php\/wp-json\/wp\/v2\/pages"}],"about":[{"href":"https:\/\/www.le-louis-12.fr\/index.php\/wp-json\/wp\/v2\/types\/page"}],"author":[{"embeddable":true,"href":"https:\/\/www.le-louis-12.fr\/index.php\/wp-json\/wp\/v2\/users\/1"}],"replies":[{"embeddable":true,"href":"https:\/\/www.le-louis-12.fr\/index.php\/wp-json\/wp\/v2\/comments?post=167"}],"version-history":[{"count":25,"href":"https:\/\/www.le-louis-12.fr\/index.php\/wp-json\/wp\/v2\/pages\/167\/revisions"}],"predecessor-version":[{"id":423,"href":"https:\/\/www.le-louis-12.fr\/index.php\/wp-json\/wp\/v2\/pages\/167\/revisions\/423"}],"wp:attachment":[{"href":"https:\/\/www.le-louis-12.fr\/index.php\/wp-json\/wp\/v2\/media?parent=167"}],"curies":[{"name":"wp","href":"https:\/\/api.w.org\/{rel}","templated":true}]}}